{"id":8,"date":"2023-01-04T10:22:51","date_gmt":"2023-01-04T08:22:51","guid":{"rendered":"http:\/\/verkkokauppa.foodandevents.fi\/testi\/?page_id=8"},"modified":"2026-01-26T15:14:44","modified_gmt":"2026-01-26T13:14:44","slug":"peruutusehdot","status":"publish","type":"page","link":"https:\/\/verkkokauppa.foodandevents.fi\/metroareena\/peruutusehdot\/","title":{"rendered":"Peruutusehdot"},"content":{"rendered":"\r\n<h3>PERUUTUSEHDOT<\/h3>\r\n<p style=\"font-weight: 400;\">Tilaus on sitova. Tarjoilut voi perua veloituksetta 2 arkip\u00e4iv\u00e4\u00e4 ennen tilaisuutta, t\u00e4m\u00e4n j\u00e4lkeen veloitamme 50 % tarjoiluista. Saman p\u00e4iv\u00e4n aikana tulleista peruutuksista veloitamme 100%\u00a0<\/p>\r\n<p style=\"font-weight: 400;\">Ravintola ei ota vastaan palautuksia tilaisuuden j\u00e4lkeen.<\/p>\r\n","protected":false},"excerpt":{"rendered":"<p>PERUUTUSEHDOT Tilaus on sitova. Tarjoilut voi perua veloituksetta 2 arkip\u00e4iv\u00e4\u00e4 ennen tilaisuutta, t\u00e4m\u00e4n j\u00e4lkeen veloitamme 50 % tarjoiluista. Saman p\u00e4iv\u00e4n aikana tulleista peruutuksista veloitamme 100%\u00a0 Ravintola ei ota vastaan palautuksia tilaisuuden j\u00e4lkeen.<\/p>\n","protected":false},"author":1,"featured_media":0,"parent":0,"menu_order":0,"comment_status":"closed","ping_status":"closed","template":"","meta":{"inline_featured_image":false,"neve_meta_sidebar":"","neve_meta_container":"","neve_meta_enable_content_width":"off","neve_meta_content_width":100,"neve_meta_title_alignment":"","neve_meta_author_avatar":"","neve_post_elements_order":"","neve_meta_disable_header":"","neve_meta_disable_footer":"","neve_meta_disable_title":"","footnotes":""},"class_list":["post-8","page","type-page","status-publish","hentry"],"publishpress_future_action":{"enabled":false,"date":"2026-05-02 18:24:00","action":"change-status","newStatus":"draft","terms":[],"taxonomy":"","extraData":[]},"publishpress_future_workflow_manual_trigger":{"enabledWorkflows":[]},"_links":{"self":[{"href":"https:\/\/verkkokauppa.foodandevents.fi\/metroareena\/wp-json\/wp\/v2\/pages\/8","targetHints":{"allow":["GET"]}}],"collection":[{"href":"https:\/\/verkkokauppa.foodandevents.fi\/metroareena\/wp-json\/wp\/v2\/pages"}],"about":[{"href":"https:\/\/verkkokauppa.foodandevents.fi\/metroareena\/wp-json\/wp\/v2\/types\/page"}],"author":[{"embeddable":true,"href":"https:\/\/verkkokauppa.foodandevents.fi\/metroareena\/wp-json\/wp\/v2\/users\/1"}],"replies":[{"embeddable":true,"href":"https:\/\/verkkokauppa.foodandevents.fi\/metroareena\/wp-json\/wp\/v2\/comments?post=8"}],"version-history":[{"count":4,"href":"https:\/\/verkkokauppa.foodandevents.fi\/metroareena\/wp-json\/wp\/v2\/pages\/8\/revisions"}],"predecessor-version":[{"id":2952,"href":"https:\/\/verkkokauppa.foodandevents.fi\/metroareena\/wp-json\/wp\/v2\/pages\/8\/revisions\/2952"}],"wp:attachment":[{"href":"https:\/\/verkkokauppa.foodandevents.fi\/metroareena\/wp-json\/wp\/v2\/media?parent=8"}],"curies":[{"name":"wp","href":"https:\/\/api.w.org\/{rel}","templated":true}]}}