{"id":8,"date":"2023-01-04T10:22:51","date_gmt":"2023-01-04T08:22:51","guid":{"rendered":"http:\/\/verkkokauppa.foodandevents.fi\/testi\/?page_id=8"},"modified":"2025-08-29T11:27:21","modified_gmt":"2025-08-29T08:27:21","slug":"peruutusehdot","status":"publish","type":"page","link":"https:\/\/verkkokauppa.foodandevents.fi\/veikkausarena\/peruutusehdot\/","title":{"rendered":"Peruutusehdot"},"content":{"rendered":"<p><strong>Tilaus- ja sopimusehdot<\/strong><\/p>\n<p>Aitio- ja ravintolatuotteet ovat tapahtumap\u00e4iv\u00e4\u00e4n sidottuja palvelutuotteita, joihin ei sovelleta kuluttajansuojalain mukaista 14 p\u00e4iv\u00e4n peruuttamisoikeutta. Varaukset ovat sitovia, eik\u00e4 niit\u00e4 voi peruuttaa tai siirt\u00e4\u00e4 ilman erillist\u00e4 sopimusta. Mik\u00e4li tapahtuma peruuntuu j\u00e4rjest\u00e4j\u00e4n toimesta, asiakkaalla on oikeus saada hyvitys tai siirt\u00e4\u00e4 varaus toiseen ajankohtaan.<\/p>\n","protected":false},"excerpt":{"rendered":"<p>Tilaus- ja sopimusehdot Aitio- ja ravintolatuotteet ovat tapahtumap\u00e4iv\u00e4\u00e4n sidottuja palvelutuotteita, joihin ei sovelleta kuluttajansuojalain mukaista 14 p\u00e4iv\u00e4n peruuttamisoikeutta. Varaukset ovat sitovia, eik\u00e4 niit\u00e4 voi peruuttaa tai siirt\u00e4\u00e4 ilman erillist\u00e4 sopimusta. Mik\u00e4li tapahtuma peruuntuu j\u00e4rjest\u00e4j\u00e4n toimesta, asiakkaalla on oikeus saada hyvitys tai siirt\u00e4\u00e4 varaus toiseen ajankohtaan.<\/p>\n","protected":false},"author":1,"featured_media":0,"parent":0,"menu_order":0,"comment_status":"closed","ping_status":"closed","template":"","meta":{"inline_featured_image":false,"neve_meta_sidebar":"","neve_meta_container":"","neve_meta_enable_content_width":"off","neve_meta_content_width":100,"neve_meta_title_alignment":"","neve_meta_author_avatar":"","neve_post_elements_order":"","neve_meta_disable_header":"","neve_meta_disable_footer":"","neve_meta_disable_title":"","footnotes":""},"class_list":["post-8","page","type-page","status-publish","hentry"],"publishpress_future_action":{"enabled":false,"date":"2026-05-24 19:18:10","action":"change-status","newStatus":"draft","terms":[],"taxonomy":"","extraData":[]},"publishpress_future_workflow_manual_trigger":{"enabledWorkflows":[]},"_links":{"self":[{"href":"https:\/\/verkkokauppa.foodandevents.fi\/veikkausarena\/wp-json\/wp\/v2\/pages\/8","targetHints":{"allow":["GET"]}}],"collection":[{"href":"https:\/\/verkkokauppa.foodandevents.fi\/veikkausarena\/wp-json\/wp\/v2\/pages"}],"about":[{"href":"https:\/\/verkkokauppa.foodandevents.fi\/veikkausarena\/wp-json\/wp\/v2\/types\/page"}],"author":[{"embeddable":true,"href":"https:\/\/verkkokauppa.foodandevents.fi\/veikkausarena\/wp-json\/wp\/v2\/users\/1"}],"replies":[{"embeddable":true,"href":"https:\/\/verkkokauppa.foodandevents.fi\/veikkausarena\/wp-json\/wp\/v2\/comments?post=8"}],"version-history":[{"count":4,"href":"https:\/\/verkkokauppa.foodandevents.fi\/veikkausarena\/wp-json\/wp\/v2\/pages\/8\/revisions"}],"predecessor-version":[{"id":3591,"href":"https:\/\/verkkokauppa.foodandevents.fi\/veikkausarena\/wp-json\/wp\/v2\/pages\/8\/revisions\/3591"}],"wp:attachment":[{"href":"https:\/\/verkkokauppa.foodandevents.fi\/veikkausarena\/wp-json\/wp\/v2\/media?parent=8"}],"curies":[{"name":"wp","href":"https:\/\/api.w.org\/{rel}","templated":true}]}}